{"id":424,"date":"2020-03-29T20:22:25","date_gmt":"2020-03-29T23:22:25","guid":{"rendered":"http:\/\/mvadvassociados.com.br\/?page_id=424"},"modified":"2023-04-29T23:23:42","modified_gmt":"2023-04-30T02:23:42","slug":"sobre-nos-2","status":"publish","type":"page","link":"http:\/\/mvadvassociados.com.br\/?page_id=424","title":{"rendered":"Sobre N\u00f3s"},"content":{"rendered":"\n<p><strong>MV ADVOGADOS ASSOCIADOS<\/strong> \u00e9 composto por advogados jovens, mas com grandes experi\u00eancias, conhecimentos e especializados nas principais \u00e1reas do direito: Criminal, Fam\u00edlia e Sucess\u00f5es, Inf\u00e2ncia e Juventude, C\u00edvel, Trabalhista, Consumidor,  Direito \u00e0 Sa\u00fade, Fazenda P\u00fablica e Previdenci\u00e1rio.<\/p>\n\n\n\n<p>Em <strong>MV ADVOGADOS ASSOCIADOS<\/strong> o cliente est\u00e1 sempre em <strong>PRIMEIRO LUGAR<\/strong>. Temos os nossos clientes como parceiros e nos relacionamos de forma objetiva e clara.<\/p>\n\n\n\n<p>Fundado em 19 de Outubro de 2013, \u00e9 um escrit\u00f3rio de advocacia moderno e digital, que tem como diferencial o atendimento e contato direto entre advogado e cliente (com aconselhamento correto e coerente, comunica\u00e7\u00e3o constante e combativa atua\u00e7\u00e3o na defesa dos interesses dos nossos clientes).<\/p>\n\n\n\n<p>Apresentamos solu\u00e7\u00f5es estrat\u00e9gicas que levam em considera\u00e7\u00e3o o sistema legal, os poss\u00edveis resultados de um lit\u00edgio e o perfil de nossos clientes.<\/p>\n\n\n\n<p>A nossa equipe \u00e9 composta por profissionais din\u00e2micos, motivados, qualificados e com larga experi\u00eancia em nossas \u00e1reas de atua\u00e7\u00e3o. Estamos acostumados a trabalhar em casos complexos e de valor elevado.<\/p>\n\n\n\n<p>Investimos constantemente no conhecimento. Nossos profissionais est\u00e3o atentos \u00e0s constantes mudan\u00e7as da sociedade, dos costumes, do ordenamento jur\u00eddico e dos precedentes judiciais.<\/p>\n\n\n\n<p>Desde sua funda\u00e7\u00e3o, j\u00e1 atuamos em 2.600 casos exclusivos do escrit\u00f3rio representando pessoas, empresas, institui\u00e7\u00f5es, al\u00e9m de atua\u00e7\u00e3o em diversos outros processos em parceria com outros escrit\u00f3rios e advogados.<\/p>\n\n\n\n<div class=\"wp-block-themeisle-blocks-advanced-columns has-2-columns has-desktop-equal-layout has-tablet-equal-layout has-mobile-collapsedRows-layout has-default-gap has-vertical-unset\" id=\"wp-block-themeisle-blocks-advanced-columns-6d60448f\"><div class=\"wp-block-themeisle-blocks-advanced-columns-overlay\"><\/div><div class=\"innerblocks-wrap\">\n<div class=\"wp-block-themeisle-blocks-advanced-column\" id=\"wp-block-themeisle-blocks-advanced-column-f93f2043\">\n<h2 class=\"has-text-align-center\">MAIS DE <font color=\"#FFFFFF\">\n<span style=\"background-color: #000000\">2.610<\/span><\/font> PROCESSOS EM ANDAMENTO <br> (<a target=\"_blank\" href=\"https:\/\/www.escavador.com\/busca?qo=t&#038;q=340462\" rel=\"noopener\">Clique Aqui Para Consultar<\/a>)<\/h2>\n<\/div>\n<div class=\"wp-block-themeisle-blocks-advanced-column\" id=\"wp-block-themeisle-blocks-advanced-column-34450310\">\n<h2 class=\"has-text-align-center\">EXPERI\u00caNCIA<br>10 ANOS<\/h2>\n<\/div>\n<\/div><\/div>\n\n\n\n<h3 class=\"wp-block-heading has-text-align-center\">Solicite um Contato Agora!<\/h3>\n\n\n\n<p class=\"has-text-align-center\">Pe\u00e7a para que um de nossos advogados entre em contato com voc\u00ea!<br>Nada est\u00e1 perdido! N\u00f3s podemos te ajudar!<\/p>\n\n\n\n<p class=\"has-text-align-center\"><strong>ENVIE SEU CASO CLICANDO NO LINK ABAIXO<\/strong><\/p>\n\n\n\n<p class=\"has-text-align-center has-large-font-size\"><strong><a rel=\"noreferrer noopener\" href=\"https:\/\/bit.ly\/falemvadv\" data-type=\"URL\" target=\"_blank\"><mark style=\"background-color:rgba(0, 0, 0, 0)\" class=\"has-inline-color has-blue-color\">>>> FALE COM UM(A) ADVOGADO(A) &lt;&lt;&lt;<\/mark><\/a><\/strong><\/p>\n\n\n\n<h3 class=\"wp-block-heading has-text-align-center\">Ou Ligue Agora:<\/h3>\n\n\n\n<h3 class=\"wp-block-heading has-text-align-center\"><a rel=\"noreferrer noopener\" aria-label=\"(11) 3881-8113 | WhatsApp (abre numa nova aba)\" href=\"https:\/\/bit.ly\/2UmTAhH\" target=\"_blank\">(11) 3881-8113 | WhatsApp<\/a><\/h3>\n\n\n\n<p><\/p>\n","protected":false},"excerpt":{"rendered":"<p>MV ADVOGADOS ASSOCIADOS \u00e9 composto por advogados jovens, mas com grandes experi\u00eancias, conhecimentos e especializados nas principais \u00e1reas do direito: Criminal, Fam\u00edlia e Sucess\u00f5es, Inf\u00e2ncia e Juventude, C\u00edvel, Trabalhista, Consumidor, Direito \u00e0 Sa\u00fade, Fazenda P\u00fablica e Previdenci\u00e1rio. Em MV ADVOGADOS ASSOCIADOS o cliente est\u00e1 sempre em PRIMEIRO LUGAR. Temos os nossos clientes como parceiros e [&hellip;]<\/p>\n","protected":false},"author":1,"featured_media":0,"parent":0,"menu_order":0,"comment_status":"closed","ping_status":"closed","template":"","meta":{"footnotes":""},"_links":{"self":[{"href":"http:\/\/mvadvassociados.com.br\/index.php?rest_route=\/wp\/v2\/pages\/424"}],"collection":[{"href":"http:\/\/mvadvassociados.com.br\/index.php?rest_route=\/wp\/v2\/pages"}],"about":[{"href":"http:\/\/mvadvassociados.com.br\/index.php?rest_route=\/wp\/v2\/types\/page"}],"author":[{"embeddable":true,"href":"http:\/\/mvadvassociados.com.br\/index.php?rest_route=\/wp\/v2\/users\/1"}],"replies":[{"embeddable":true,"href":"http:\/\/mvadvassociados.com.br\/index.php?rest_route=%2Fwp%2Fv2%2Fcomments&post=424"}],"version-history":[{"count":26,"href":"http:\/\/mvadvassociados.com.br\/index.php?rest_route=\/wp\/v2\/pages\/424\/revisions"}],"predecessor-version":[{"id":549,"href":"http:\/\/mvadvassociados.com.br\/index.php?rest_route=\/wp\/v2\/pages\/424\/revisions\/549"}],"wp:attachment":[{"href":"http:\/\/mvadvassociados.com.br\/index.php?rest_route=%2Fwp%2Fv2%2Fmedia&parent=424"}],"curies":[{"name":"wp","href":"https:\/\/api.w.org\/{rel}","templated":true}]}}