{"id":279,"date":"2020-03-17T19:48:06","date_gmt":"2020-03-17T22:48:06","guid":{"rendered":"http:\/\/advogadosmv.com\/?page_id=279"},"modified":"2020-03-17T19:48:06","modified_gmt":"2020-03-17T22:48:06","slug":"areas-de-atuacao","status":"publish","type":"page","link":"http:\/\/mvadvassociados.com.br\/?page_id=279","title":{"rendered":"\u00c1reas de atua\u00e7\u00e3o"},"content":{"rendered":"","protected":false},"excerpt":{"rendered":"","protected":false},"author":1,"featured_media":0,"parent":0,"menu_order":0,"comment_status":"closed","ping_status":"closed","template":"","meta":{"footnotes":""},"_links":{"self":[{"href":"http:\/\/mvadvassociados.com.br\/index.php?rest_route=\/wp\/v2\/pages\/279"}],"collection":[{"href":"http:\/\/mvadvassociados.com.br\/index.php?rest_route=\/wp\/v2\/pages"}],"about":[{"href":"http:\/\/mvadvassociados.com.br\/index.php?rest_route=\/wp\/v2\/types\/page"}],"author":[{"embeddable":true,"href":"http:\/\/mvadvassociados.com.br\/index.php?rest_route=\/wp\/v2\/users\/1"}],"replies":[{"embeddable":true,"href":"http:\/\/mvadvassociados.com.br\/index.php?rest_route=%2Fwp%2Fv2%2Fcomments&post=279"}],"version-history":[{"count":1,"href":"http:\/\/mvadvassociados.com.br\/index.php?rest_route=\/wp\/v2\/pages\/279\/revisions"}],"predecessor-version":[{"id":282,"href":"http:\/\/mvadvassociados.com.br\/index.php?rest_route=\/wp\/v2\/pages\/279\/revisions\/282"}],"wp:attachment":[{"href":"http:\/\/mvadvassociados.com.br\/index.php?rest_route=%2Fwp%2Fv2%2Fmedia&parent=279"}],"curies":[{"name":"wp","href":"https:\/\/api.w.org\/{rel}","templated":true}]}}